{"id":299,"date":"2025-11-13T13:06:30","date_gmt":"2025-11-13T13:06:30","guid":{"rendered":"https:\/\/tallerdebarcelona.es\/services\/"},"modified":"2025-11-13T13:46:21","modified_gmt":"2025-11-13T13:46:21","slug":"servicios","status":"publish","type":"page","link":"https:\/\/tallerdebarcelona.es\/en\/servicios\/","title":{"rendered":"Services"},"content":{"rendered":"<div class=\"wp-block-uagb-container uagb-layout-grid uagb-block-bfe052b1 alignfull uagb-is-root-container\"><div class=\"uagb-container-inner-blocks-wrap\">\n<div class=\"wp-block-uagb-advanced-heading uagb-block-4de6aee5\"><div class=\"uagb-separator\"><\/div><h1 class=\"uagb-heading-text\">Personalised handmade jewellery services<\/h1><\/div>\n\n\n\n<div class=\"wp-block-uagb-image uagb-block-259aae54 wp-block-uagb-image--layout-default wp-block-uagb-image--effect-static wp-block-uagb-image--align-none\"><figure class=\"wp-block-uagb-image__figure\"><img loading=\"lazy\" decoding=\"async\" srcset=\"https:\/\/tallerdebarcelona.es\/wp-content\/uploads\/2025\/11\/pexels-photo-7585824.jpeg ,https:\/\/tallerdebarcelona.es\/wp-content\/uploads\/2025\/11\/pexels-photo-7585824.jpeg 780w, https:\/\/tallerdebarcelona.es\/wp-content\/uploads\/2025\/11\/pexels-photo-7585824.jpeg 360w\" sizes=\"auto, (max-width: 480px) 150px\" src=\"https:\/\/tallerdebarcelona.es\/wp-content\/uploads\/2025\/11\/pexels-photo-7585824.jpeg\" alt=\"Anonymous female arranging beads and blue natural stones on fishing line while doing handmade bijouterie\" class=\"uag-image-23\" width=\"396\" height=\"380\" title=\"services-img\" role=\"img\"\/><\/figure><\/div>\n<\/div><\/div>\n\n\n\n<div class=\"wp-block-uagb-container uagb-block-f02a1ac0 alignfull uagb-is-root-container\"><div class=\"uagb-container-inner-blocks-wrap\">\n<div class=\"wp-block-uagb-container uagb-layout-grid uagb-block-1f6539c9\">\n<div class=\"wp-block-uagb-image uagb-block-22bf66dd wp-block-uagb-image--layout-default wp-block-uagb-image--effect-static wp-block-uagb-image--align-none\"><figure class=\"wp-block-uagb-image__figure\"><img loading=\"lazy\" decoding=\"async\" srcset=\"https:\/\/tallerdebarcelona.es\/wp-content\/uploads\/2025\/11\/pexels-photo-7166993.jpeg ,https:\/\/tallerdebarcelona.es\/wp-content\/uploads\/2025\/11\/pexels-photo-7166993.jpeg 780w, https:\/\/tallerdebarcelona.es\/wp-content\/uploads\/2025\/11\/pexels-photo-7166993.jpeg 360w\" sizes=\"auto, (max-width: 480px) 150px\" src=\"https:\/\/tallerdebarcelona.es\/wp-content\/uploads\/2025\/11\/pexels-photo-7166993.jpeg\" alt=\"Close-up of a tattooed craftsman using a ring sizer at a jewelry making studio.\" class=\"uag-image-24\" width=\"500\" height=\"340\" title=\"services-01\" role=\"img\"\/><\/figure><\/div>\n\n\n\n<div class=\"wp-block-uagb-advanced-heading uagb-block-7fc15760\"><h2 class=\"uagb-heading-text\">01.<\/h2><\/div>\n\n\n\n<div class=\"wp-block-uagb-advanced-heading uagb-block-d1bf4422\"><h3 class=\"uagb-heading-text\">Tailor-made design<\/h3><p class=\"uagb-desc-text\">Our bespoke design service allows you to create exclusive pieces, tailored to your tastes. We use natural materials and artisanal techniques to ensure that each piece of jewellery is unique and special, reflecting your personality and personal style.<\/p><\/div>\n<\/div>\n\n\n\n<div class=\"wp-block-uagb-container uagb-layout-grid uagb-block-4e23bf70\">\n<div class=\"wp-block-uagb-image uagb-block-5975b480 wp-block-uagb-image--layout-default wp-block-uagb-image--effect-static wp-block-uagb-image--align-none\"><figure class=\"wp-block-uagb-image__figure\"><img loading=\"lazy\" decoding=\"async\" srcset=\"https:\/\/tallerdebarcelona.es\/wp-content\/uploads\/2025\/11\/pexels-photo-33154633.jpeg ,https:\/\/tallerdebarcelona.es\/wp-content\/uploads\/2025\/11\/pexels-photo-33154633.jpeg 780w, https:\/\/tallerdebarcelona.es\/wp-content\/uploads\/2025\/11\/pexels-photo-33154633.jpeg 360w\" sizes=\"auto, (max-width: 480px) 150px\" src=\"https:\/\/tallerdebarcelona.es\/wp-content\/uploads\/2025\/11\/pexels-photo-33154633.jpeg\" alt=\"Beautiful silver earrings embellished with pearls on a soft fabric background.\" class=\"uag-image-25\" width=\"500\" height=\"340\" title=\"services-02\" role=\"img\"\/><\/figure><\/div>\n\n\n\n<div class=\"wp-block-uagb-advanced-heading uagb-block-42b1afc3\"><h2 class=\"uagb-heading-text\">02.<\/h2><\/div>\n\n\n\n<div class=\"wp-block-uagb-advanced-heading uagb-block-2b5b97c7\"><h3 class=\"uagb-heading-text\">Exclusive Collection<\/h3><p class=\"uagb-desc-text\">We offer a carefully selected range of handcrafted jewellery, such as necklaces, earrings, bracelets and rings. Each piece is designed with attention to detail, using high quality materials that enhance the natural beauty of our creations, ideal for any occasion.<\/p><\/div>\n<\/div>\n\n\n\n<div class=\"wp-block-uagb-container uagb-layout-grid uagb-block-75fb60e4\">\n<div class=\"wp-block-uagb-image uagb-block-dec8dc2a wp-block-uagb-image--layout-default wp-block-uagb-image--effect-static wp-block-uagb-image--align-none\"><figure class=\"wp-block-uagb-image__figure\"><img loading=\"lazy\" decoding=\"async\" srcset=\"https:\/\/tallerdebarcelona.es\/wp-content\/uploads\/2025\/11\/pexels-photo-8201151.jpeg ,https:\/\/tallerdebarcelona.es\/wp-content\/uploads\/2025\/11\/pexels-photo-8201151.jpeg 780w, https:\/\/tallerdebarcelona.es\/wp-content\/uploads\/2025\/11\/pexels-photo-8201151.jpeg 360w\" sizes=\"auto, (max-width: 480px) 150px\" src=\"https:\/\/tallerdebarcelona.es\/wp-content\/uploads\/2025\/11\/pexels-photo-8201151.jpeg\" alt=\"Close-up of hands showcasing elegant handmade earrings in Portugal.\" class=\"uag-image-26\" width=\"500\" height=\"340\" title=\"services-03\" role=\"img\"\/><\/figure><\/div>\n\n\n\n<div class=\"wp-block-uagb-advanced-heading uagb-block-e6ec07d4\"><h2 class=\"uagb-heading-text\">03.<\/h2><\/div>\n\n\n\n<div class=\"wp-block-uagb-advanced-heading uagb-block-99c873e0\"><h3 class=\"uagb-heading-text\">Personalised orders<\/h3><p class=\"uagb-desc-text\">Let us bring your ideas to life. Our custom commissioning service allows you to specify the type of jewellery, the desired materials and your preferences. We will work together to create an exclusive piece that meets your expectations, ensuring a result you will fall in love with.<\/p><\/div>\n<\/div>\n\n\n\n<div class=\"wp-block-uagb-container uagb-layout-grid uagb-block-69a1e017\">\n<div class=\"wp-block-uagb-image uagb-block-55e41bb4 wp-block-uagb-image--layout-default wp-block-uagb-image--effect-static wp-block-uagb-image--align-none\"><figure class=\"wp-block-uagb-image__figure\"><img loading=\"lazy\" decoding=\"async\" srcset=\"https:\/\/tallerdebarcelona.es\/wp-content\/uploads\/2025\/11\/pexels-photo-10474306.jpeg ,https:\/\/tallerdebarcelona.es\/wp-content\/uploads\/2025\/11\/pexels-photo-10474306.jpeg 780w, https:\/\/tallerdebarcelona.es\/wp-content\/uploads\/2025\/11\/pexels-photo-10474306.jpeg 360w\" sizes=\"auto, (max-width: 480px) 150px\" src=\"https:\/\/tallerdebarcelona.es\/wp-content\/uploads\/2025\/11\/pexels-photo-10474306.jpeg\" alt=\"Close-up of hands presenting a handmade silver wire pendant with jewelry tools on a wooden table.\" class=\"uag-image-8\" width=\"500\" height=\"340\" title=\"services-04\" role=\"img\"\/><\/figure><\/div>\n\n\n\n<div class=\"wp-block-uagb-advanced-heading uagb-block-2d94a4af\"><h2 class=\"uagb-heading-text\">04.<\/h2><\/div>\n\n\n\n<div class=\"wp-block-uagb-advanced-heading uagb-block-0224262a\"><h3 class=\"uagb-heading-text\">Creative workshop<\/h3><p class=\"uagb-desc-text\">Visit our workshop and see how we create your jewellery. A space where creativity and technique come together to transform materials into art. We invite you to see first-hand the dedication and craftsmanship behind each of our pieces.<\/p><\/div>\n<\/div>\n\n\n\n<div class=\"wp-block-uagb-advanced-heading uagb-block-847f0174\"><div class=\"uagb-separator\"><\/div><h2 class=\"uagb-heading-text\">Our jewellery making process<\/h2><\/div>\n<\/div><\/div>\n\n\n\n<div class=\"wp-block-uagb-container uagb-layout-grid uagb-block-cd2486f8 alignfull uagb-is-root-container\"><div class=\"uagb-container-inner-blocks-wrap\">\n<div class=\"wp-block-uagb-container uagb-block-680c0089\">\n<div class=\"wp-block-uagb-advanced-heading uagb-block-2c1fc22f\"><p class=\"uagb-heading-text\">Personalised initial consultation<\/p><p class=\"uagb-desc-text\">We start with a meeting to understand your wishes and thoughts about the design of your desired jewellery.<\/p><\/div>\n<\/div>\n\n\n\n<div class=\"wp-block-uagb-container uagb-block-f6244a01\">\n<div class=\"wp-block-uagb-advanced-heading uagb-block-3e2e789f\"><p class=\"uagb-heading-text\">Selection of materials<\/p><p class=\"uagb-desc-text\">We help you choose the best natural materials to suit your design and personal style.<\/p><\/div>\n<\/div>\n\n\n\n<div class=\"wp-block-uagb-container uagb-block-0815f89c\">\n<div class=\"wp-block-uagb-advanced-heading uagb-block-4fdc0b6f\"><p class=\"uagb-heading-text\">Design and sketch<\/p><p class=\"uagb-desc-text\">We create a detailed sketch of your jewellery, ensuring that every aspect meets your expectations and wishes.<\/p><\/div>\n<\/div>\n\n\n\n<div class=\"wp-block-uagb-container uagb-block-77ffa57b\">\n<div class=\"wp-block-uagb-advanced-heading uagb-block-3b941aaf\"><p class=\"uagb-heading-text\">Handmade production<\/p><p class=\"uagb-desc-text\">Using traditional techniques, we make your jewellery, paying attention to every detail to guarantee its quality and beauty.<\/p><\/div>\n<\/div>\n<\/div><\/div>","protected":false},"excerpt":{"rendered":"<p>Servicios de bisuter\u00eda artesanal personalizados 01. Dise\u00f1o a medida Nuestro servicio de dise\u00f1o a medida te permite crear piezas exclusivas, [&hellip;]<\/p>\n","protected":false},"author":1,"featured_media":0,"parent":0,"menu_order":0,"comment_status":"closed","ping_status":"closed","template":"","meta":{"_uag_custom_page_level_css":"","site-sidebar-layout":"default","site-content-layout":"","ast-site-content-layout":"default","site-content-style":"default","site-sidebar-style":"default","ast-global-header-display":"","ast-banner-title-visibility":"","ast-main-header-display":"","ast-hfb-above-header-display":"","ast-hfb-below-header-display":"","ast-hfb-mobile-header-display":"","site-post-title":"disabled","ast-breadcrumbs-content":"","ast-featured-img":"","footer-sml-layout":"","ast-disable-related-posts":"","theme-transparent-header-meta":"","adv-header-id-meta":"","stick-header-meta":"","header-above-stick-meta":"","header-main-stick-meta":"","header-below-stick-meta":"","astra-migrate-meta-layouts":"default","ast-page-background-enabled":"default","ast-page-background-meta":{"desktop":{"background-color":"var(--ast-global-color-4)","background-image":"","background-repeat":"repeat","background-position":"center center","background-size":"auto","background-attachment":"scroll","background-type":"","background-media":"","overlay-type":"","overlay-color":"","overlay-opacity":"","overlay-gradient":""},"tablet":{"background-color":"","background-image":"","background-repeat":"repeat","background-position":"center center","background-size":"auto","background-attachment":"scroll","background-type":"","background-media":"","overlay-type":"","overlay-color":"","overlay-opacity":"","overlay-gradient":""},"mobile":{"background-color":"","background-image":"","background-repeat":"repeat","background-position":"center center","background-size":"auto","background-attachment":"scroll","background-type":"","background-media":"","overlay-type":"","overlay-color":"","overlay-opacity":"","overlay-gradient":""}},"ast-content-background-meta":{"desktop":{"background-color":"var(--ast-global-color-5)","background-image":"","background-repeat":"repeat","background-position":"center center","background-size":"auto","background-attachment":"scroll","background-type":"","background-media":"","overlay-type":"","overlay-color":"","overlay-opacity":"","overlay-gradient":""},"tablet":{"background-color":"var(--ast-global-color-5)","background-image":"","background-repeat":"repeat","background-position":"center center","background-size":"auto","background-attachment":"scroll","background-type":"","background-media":"","overlay-type":"","overlay-color":"","overlay-opacity":"","overlay-gradient":""},"mobile":{"background-color":"var(--ast-global-color-5)","background-image":"","background-repeat":"repeat","background-position":"center center","background-size":"auto","background-attachment":"scroll","background-type":"","background-media":"","overlay-type":"","overlay-color":"","overlay-opacity":"","overlay-gradient":""}},"footnotes":""},"class_list":["post-299","page","type-page","status-publish","hentry"],"uagb_featured_image_src":{"full":false,"thumbnail":false,"medium":false,"medium_large":false,"large":false,"1536x1536":false,"2048x2048":false,"trp-custom-language-flag":false},"uagb_author_info":{"display_name":"TDB Taller de Barcelona SL- NIF: B09911256","author_link":"https:\/\/tallerdebarcelona.es\/en\/author\/tallerdebarcelona\/"},"uagb_comment_info":0,"uagb_excerpt":"Servicios de bisuter\u00eda artesanal personalizados 01. Dise\u00f1o a medida Nuestro servicio de dise\u00f1o a medida te permite crear piezas exclusivas, [&hellip;]","_links":{"self":[{"href":"https:\/\/tallerdebarcelona.es\/en\/wp-json\/wp\/v2\/pages\/299","targetHints":{"allow":["GET"]}}],"collection":[{"href":"https:\/\/tallerdebarcelona.es\/en\/wp-json\/wp\/v2\/pages"}],"about":[{"href":"https:\/\/tallerdebarcelona.es\/en\/wp-json\/wp\/v2\/types\/page"}],"author":[{"embeddable":true,"href":"https:\/\/tallerdebarcelona.es\/en\/wp-json\/wp\/v2\/users\/1"}],"replies":[{"embeddable":true,"href":"https:\/\/tallerdebarcelona.es\/en\/wp-json\/wp\/v2\/comments?post=299"}],"version-history":[{"count":4,"href":"https:\/\/tallerdebarcelona.es\/en\/wp-json\/wp\/v2\/pages\/299\/revisions"}],"predecessor-version":[{"id":553,"href":"https:\/\/tallerdebarcelona.es\/en\/wp-json\/wp\/v2\/pages\/299\/revisions\/553"}],"wp:attachment":[{"href":"https:\/\/tallerdebarcelona.es\/en\/wp-json\/wp\/v2\/media?parent=299"}],"curies":[{"name":"wp","href":"https:\/\/api.w.org\/{rel}","templated":true}]}}